{"id":1307,"date":"2024-04-11T21:53:32","date_gmt":"2024-04-11T21:53:32","guid":{"rendered":"https:\/\/aerospace.ubi.pt\/?page_id=1307"},"modified":"2024-06-25T08:13:30","modified_gmt":"2024-06-25T08:13:30","slug":"scientific-production-2024","status":"publish","type":"page","link":"https:\/\/aerospace.ubi.pt\/?page_id=1307","title":{"rendered":"Scientific Production 2024"},"content":{"rendered":"<h2>Journals (under update)<\/h2>\n<p>Journal Article (28)<\/p>\n<p>[1] M. Abdollahzadehsangroudi, M. Francisco, R. Lopes, F. Dolati, J. C. Pascoa, and F. Rodrigues, &#8220;Insight into porous fin microchannel heat sinks with improved thermo-hydraulic performance,&#8221; Physics of Fluids, Article vol. 36, no. 4, 2024, Art. no. 042015. <a href=\"https:\/\/doi.org\/10.1063\/5.0198294\">https:\/\/doi.org\/10.1063\/5.0198294<\/a><\/p>\n<p>[2] J. Alves, T. M. Lima, and P. D. Gaspar, &#8220;The sociodemographic challenge in human-centred production systems\u2013a systematic literature review,&#8221; Theoretical Issues in Ergonomics Science, Review vol. 25, no. 1, pp. 44-66, 2024. <a href=\"https:\/\/doi.org\/10.1080\/1463922X.2022.2148178\">https:\/\/doi.org\/10.1080\/1463922X.2022.2148178<\/a><\/p>\n<p>[3] A. A. Burov, A. D. Guerman, and V. I. Nikonov, &#8220;Approximation for attraction field of almost dynamically symmetrical body by three almost collinear balls,&#8221; Acta Astronautica, Article vol. 216, pp. 102-104, 2024. <a href=\"https:\/\/doi.org\/10.1016\/j.actaastro.2023.12.005\">https:\/\/doi.org\/10.1016\/j.actaastro.2023.12.005<\/a><\/p>\n<p>[4] S. C\u00e2ndido and J. C. P\u00e1scoa, &#8220;Data-driven surrogate modelling of multistage Taylor cone-jet dynamics,&#8221; Physics of Fluids, Article vol. 36, no. 5, 2024, Art. no. 052102. <a href=\"https:\/\/doi.org\/10.1063\/5.0205454\">https:\/\/doi.org\/10.1063\/5.0205454<\/a><\/p>\n<p>[5] A. R. Caramelo, P. Santos, and T. M. Lima, &#8220;From Generation to Reuse: A Circular Economy Strategy Applied to Wind Turbine Production,&#8221; Designs, Article vol. 8, no. 2, 2024, Art. no. 32. <a href=\"https:\/\/doi.org\/10.3390\/designs8020032\">https:\/\/doi.org\/10.3390\/designs8020032<\/a><\/p>\n<p>[6] T. Chekifi, M. Boukraa, and A. Benmoussa, &#8220;Artificial Intelligence for Thermal Energy Storage Enhancement: A Comprehensive Review,&#8221; Journal of Energy Resources Technology, Transactions of the ASME, Article vol. 146, no. 6, 2024, Art. no. 060802. <a href=\"https:\/\/doi.org\/10.1115\/1.4065197\">https:\/\/doi.org\/10.1115\/1.4065197<\/a><\/p>\n<p>[7] A. Corceiro, N. Pereira, K. Alibabaei, and P. D. Gaspar, &#8220;Leveraging Machine Learning for Weed Management and Crop Enhancement: Vineyard Flora Classification,&#8221; Algorithms, Article vol. 17, no. 1, 2024, Art. no. 19. <a href=\"https:\/\/doi.org\/10.3390\/a17010019\">https:\/\/doi.org\/10.3390\/a17010019<\/a><\/p>\n<p>[8] C. Costa, P. Lopes, J. Castro, J. R. Matos, H. Lopes, J. R. Gouveia, S. M. Pinto, I. Ribeiro, L. Oliveira, and T. A. Dutra, &#8220;High-performance thermoplastics obtained by fused filament fabrication: effects of harsh environmental conditions of power transformers,&#8221; Progress in Additive Manufacturing, Article 2024. <a href=\"http:\/\/dx.doi.org\/10.1007\/s40964-024-00614-z\">http:\/\/dx.doi.org\/10.1007\/s40964-024-00614-z<\/a><\/p>\n<p>[9] A. K. de Almeida, S. Aljbaae, T. Vaillant, J. M. Pi\u00f1eros, B. Coelho, D. Barbosa, M. Bergano, J. Pandeirada, F. C. Carvalho, L. B. T. Santos, A. F. B. A. Prado, A. Guerman, and A. C. M. Correia, &#8220;Theory of Functional Connections and Nelder\u2013Mead optimization methods applied in satellite characterization,&#8221; Acta Astronautica, Article vol. 215, pp. 548-559, 2024. <a href=\"https:\/\/doi.org\/10.1016\/j.actaastro.2023.12.033\">https:\/\/doi.org\/10.1016\/j.actaastro.2023.12.033<\/a><\/p>\n<p>[10] A. K. de Almeida, T. Vaillant, V. M. de Oliveira, D. Barbosa, D. Maia, S. Aljbaae, B. Coelho, M. Bergano, J. Pandeirada, A. F. B. A. Prado, A. Guerman, and A. C. M. Correia, &#8220;Tangential velocity constraint for orbital maneuvers with Theory of Functional Connections,&#8221; Scientific Reports, Article vol. 14, no. 1, 2024, Art. no. 7479. <a href=\"https:\/\/doi.org\/10.1038\/s41598-024-57986-z\">https:\/\/doi.org\/10.1038\/s41598-024-57986-z<\/a><\/p>\n<p>[11] R. G. Ferreira, A. P. Silva, and J. Nunes-Pereira, &#8220;Current On-Skin Flexible Sensors, Materials, Manufacturing Approaches, and Study Trends for Health Monitoring: A Review,&#8221; ACS Sensors, Review vol. 9, no. 3, pp. 1104-1133, 2024. <a href=\"https:\/\/www.oejournal.org\/\/article\/doi\/10.29026\/oea.2023.220172\">https:\/\/www.oejournal.org\/\/article\/doi\/10.29026\/oea.2023.220172<\/a><\/p>\n<p>[12] J. J. D. S. Filho, P. D. Gaspar, A. C. D. Souza, and A. D. Pa\u00e7o, &#8220;Circular Economy in Guaiamum and U\u00e7\u00e1 Crab Waste in Brazil: Potential By-Products\u2014A Systematic Literature Review,&#8221; Resources, Review vol. 13, no. 3, 2024, Art. no. 46. <a href=\"https:\/\/doi.org\/10.3390\/resources13030046\">https:\/\/doi.org\/10.3390\/resources13030046<\/a><\/p>\n<p>[13] A. S. Gomes, P. T. Fiadeiro, A. C. Vieira, and J. C. Vieira, &#8220;Viability Study of Serra da Estrela Dog Wool to Produce Green Composites,&#8221; Polymers, Article vol. 16, no. 5, 2024, Art. no. 718. <a href=\"https:\/\/doi.org\/10.3390\/polym16050718\">https:\/\/doi.org\/10.3390\/polym16050718<\/a><\/p>\n<p>[14] C. Gomes, I. Pires, L. Monteiro, T. M. Lima, and P. D. Gaspar, &#8220;Empowering Eco-Friendly Choices: An Environmental Impact Assessment Decision Support System for Textiles and Clothing,&#8221; Applied Sciences (Switzerland), Article vol. 14, no. 2, 2024, Art. no. 659. <a href=\"https:\/\/doi.org\/10.3390\/app14020659\">https:\/\/doi.org\/10.3390\/app14020659<\/a><\/p>\n<p>[15] J. Lemos, V. B. de Souza, F. S. Falcetta, F. K. de Almeida, T. M. Lima, and P. D. Gaspar, &#8220;Enhancing Workplace Safety through Personalized Environmental Risk Assessment: An AI-Driven Approach in Industry 5.0,&#8221; Computers, Article vol. 13, no. 5, 2024, Art. no. 120. <a href=\"https:\/\/doi.org\/10.3390\/computers13050120\">https:\/\/doi.org\/10.3390\/computers13050120<\/a><\/p>\n<p>[16] S. M. Marcelino, P. D. Gaspar, A. do Pa\u00e7o, T. M. Lima, A. Monteiro, J. C. Franco, E. S. Santos, R. Campos, and C. M. Lopes, &#8220;Towards Sustainable Agriculture: A Critical Analysis of Agrobiodiversity Assessment Methods and Recommendations for Effective Implementation,&#8221; Applied Sciences (Switzerland), Review vol. 14, no. 6, 2024, Art. no. 2622. <a href=\"https:\/\/doi.org\/10.3390\/app14062622\">https:\/\/doi.org\/10.3390\/app14062622<\/a><\/p>\n<p>[17] T. Mor\u00e3o and F. Br\u00f3jo, &#8220;NUMERICAL MODELING OF THE PERFORMANCE OF A PARAFFIN HYBRID ROCKET MOTOR,&#8221; International Journal of Energetic Materials and Chemical Propulsion, Article vol. 23, no. 3, pp. 1-14, 2024. <a href=\"https:\/\/doi.org\/10.1615\/IntJEnergeticMaterialsChemProp.2023047152\">https:\/\/doi.org\/10.1615\/IntJEnergeticMaterialsChemProp.2023047152<\/a><\/p>\n<p>[18] S. B. M. Nery, S. M. Ara\u00fajo, B. G. Magalh\u00e3es, K. J. S. de Almeida, and P. D. Gaspar, &#8220;Parkinson\u2019s Disease Severity Index Based on Non-Motor Symptoms by Self-Organizing Maps,&#8221; Electronics (Switzerland), Article vol. 13, no. 8, 2024, Art. no. 1523. <a href=\"https:\/\/doi.org\/10.3390\/electronics13081523\">https:\/\/doi.org\/10.3390\/electronics13081523<\/a><\/p>\n<p>[19] P. Oliveira and F. Br\u00f3jo, &#8220;An Experimental Study on the Performance and Emissions of an 8% Water-in-Diesel Emulsion Stabilized by a Hydrophilic Surfactant Blend,&#8221; Energies, Article vol. 17, no. 6, 2024, Art. no. 1328. <a href=\"https:\/\/doi.org\/10.3390\/en17061328\">https:\/\/doi.org\/10.3390\/en17061328<\/a><\/p>\n<p>[20] J. M. Parente, R. Simoes, A. P. Silva, and P. N. B. Reis, &#8220;Impact of the Curing Temperature on the Manufacturing Process of Multi-Nanoparticle-Reinforced Epoxy Matrix Composites,&#8221; Materials, Article vol. 17, no. 8, 2024, Art. no. 1930. <a href=\"https:\/\/doi.org\/10.3390\/ma17081930\">https:\/\/doi.org\/10.3390\/ma17081930<\/a><\/p>\n<p>[21] K. Periyadurai, J. C. Pascoa, M. Abdollahzadehsangroudi, and P. J. Oliveira, &#8220;Numerical modeling of magnetohydrodynamic non-Newtonian flow in a cross-slot,&#8221; Polymer Engineering and Science, Article vol. 64, no. 5, pp. 2157-2177, 2024. <a href=\"https:\/\/doi.org\/10.1002\/pen.26683\">https:\/\/doi.org\/10.1002\/pen.26683<\/a><\/p>\n<p>[22] H. Rocha, T. Campos, and P. Gamboa, &#8220;Design and analysis of air launched fire-extinguishing devices,&#8221; CEAS Aeronautical Journal, Article 2024. https:\/\/ui.adsabs.harvard.edu\/link_gateway\/2024CEAAJ.tmp&#8230;46R\/<a href=\"https:\/\/doi.org\/10.1007\/s13272-024-00735-9\">https:\/\/doi.org\/10.1007\/s13272-024-00735-9<\/a><\/p>\n<p>[23] F. F. Rodrigues, K. O. Shvydyuk, J. Nunes-Pereira, J. C. P\u00e1scoa, and A. P. Silva, &#8220;Plasma Actuators Based on Alumina Ceramics for Active Flow Control Applications,&#8221; Ceramics, Article vol. 7, no. 1, pp. 192-207, 2024. <a href=\"http:\/\/dx.doi.org\/10.3390\/ceramics7010012\">http:\/\/dx.doi.org\/10.3390\/ceramics7010012<\/a><\/p>\n<p>[24] G. J. M. Rosa, J. M. S. Afonso, P. D. Gaspar, V. N. G. J. Soares, and J. M. L. P. Caldeira, &#8220;Detecting Wear and Tear in Pedestrian Crossings Using Computer Vision Techniques: Approaches, Challenges, and Opportunities,&#8221; Information (Switzerland), Review vol. 15, no. 3, 2024, Art. no. 169. <a href=\"https:\/\/doi.org\/10.3390\/info15030169\">https:\/\/doi.org\/10.3390\/info15030169<\/a><\/p>\n<p>[25] K. O. Shvydyuk, J. Nunes-Pereira, F. F. Rodrigues, J. C. P\u00e1scoa, S. Lanceros-Mendez, and A. P. Silva, &#8220;Holistic Characterization of MgO-Al2O3, MgO-CaZrO3, and Y2O3-ZrO2 Ceramic Composites for Aerospace Propulsion Systems,&#8221; Ceramics, Article vol. 7, no. 1, pp. 364-384, 2024. <a href=\"https:\/\/doi.org\/10.3390\/ceramics7010023\">https:\/\/doi.org\/10.3390\/ceramics7010023<\/a><\/p>\n<p>[26] G. Silva, T. Assis Dutra, J. Nunes-Pereira, and A. P. Silva, &#8220;Coupled and decoupled structural batteries: A comparative analysis,&#8221; Journal of Power Sources, Review vol. 604, 2024, Art. no. 234392. <a href=\"https:\/\/doi.org\/10.1016\/j.jpowsour.2024.234392\">https:\/\/doi.org\/10.1016\/j.jpowsour.2024.234392<\/a><\/p>\n<p>[27] B. Szczucka-Lasota, T. W\u0119grzyn, T. Szymczak, B. \u0141azarz, A. Pereria Silva, and A. Jurek, &#8220;Welding of P355NH steel for the construction of a medium-pressure gas pipeline,&#8221; Continuum Mechanics and Thermodynamics, Article vol. 36, no. 1, pp. 107-118, 2024. <a href=\"http:\/\/dx.doi.org\/10.1007\/s00161-023-01265-1\">http:\/\/dx.doi.org\/10.1007\/s00161-023-01265-1<\/a><\/p>\n<p>[28] J. Videira, P. D. Gaspar, V. N. G. J. Soares, and J. M. L. P. Caldeira, &#8220;A Mobile Application for Detecting and Monitoring the Development Stages of Wild Flowers and Plants,&#8221; Informatica (Slovenia), Article vol. 48, no. 6, pp. 43-58, 2024. <a href=\"http:\/\/dx.doi.org\/10.31449\/inf.v48i6.5645\">http:\/\/dx.doi.org\/10.31449\/inf.v48i6.5645<\/a><\/p>\n<p>Serial (2)<\/p>\n<p>[1] E. Shlyakhto, I. Ilin, T. Devezas, J. C. C. Leit\u00e3o, and S. Cubico, &#8220;Preface,&#8221; in Contributions to Management Science vol. Part F2867, ed, 2024, pp. v-xi.<br \/>\n[2] T. W\u0119grzyn, B. Szczucka-Lasota, and A. Silva, &#8220;Mag Welding of High-Strength Civil Constructions,&#8221; in Lecture Notes in Civil Engineering vol. 444, ed, 2024, pp. 601-608.<\/p>\n<p>Conference Proceedings (3)<\/p>\n<p>[1] R. Antunes, L. Lang, M. L. De Aguiar, T. A. Dutra, and P. D. Gaspar, &#8220;Enhancing the Performance of Fin Ray Effect Soft Robotic Finger via Computational Design and Simulation,&#8221; in 2024 IEEE International Conference on Autonomous Robot Systems and Competitions, ICARSC 2024, 2024, pp. 189-194.<br \/>\n[2] A. Benmoussa and P. V. Gamboa, &#8220;Flight Simulation of a Hybrid Electric Propulsion VTOL UAV for Mission Performance Assessment,&#8221; in Advances in Science and Technology, 2024, vol. 144, pp. 81-91.<br \/>\n[3] O. Teixeira and J. Pascoa, &#8220;Computational Modelling of Hypersonic Nozzles: The Influence of Enthalpy on the Flow Thermochemistry,&#8221; in SAE Technical Papers, 2024.<\/p>\n<p>&nbsp;<\/p>\n","protected":false},"excerpt":{"rendered":"<p>Journals (under update) Journal Article (28) [1] M. Abdollahzadehsangroudi, M. Francisco, R. Lopes, F. Dolati, J. C. Pascoa, and F. Rodrigues, &#8220;Insight into porous fin microchannel heat sinks with improved thermo-hydraulic performance,&#8221; Physics of Fluids, Article vol. 36, no. 4, 2024, Art. no. 042015. https:\/\/doi.org\/10.1063\/5.0198294 [2] J. Alves, T. M. Lima, and P. D. Gaspar, [&hellip;]<\/p>\n","protected":false},"author":6,"featured_media":0,"parent":0,"menu_order":0,"comment_status":"closed","ping_status":"closed","template":"","meta":{"footnotes":""},"_links":{"self":[{"href":"https:\/\/aerospace.ubi.pt\/index.php?rest_route=\/wp\/v2\/pages\/1307"}],"collection":[{"href":"https:\/\/aerospace.ubi.pt\/index.php?rest_route=\/wp\/v2\/pages"}],"about":[{"href":"https:\/\/aerospace.ubi.pt\/index.php?rest_route=\/wp\/v2\/types\/page"}],"author":[{"embeddable":true,"href":"https:\/\/aerospace.ubi.pt\/index.php?rest_route=\/wp\/v2\/users\/6"}],"replies":[{"embeddable":true,"href":"https:\/\/aerospace.ubi.pt\/index.php?rest_route=%2Fwp%2Fv2%2Fcomments&post=1307"}],"version-history":[{"count":5,"href":"https:\/\/aerospace.ubi.pt\/index.php?rest_route=\/wp\/v2\/pages\/1307\/revisions"}],"predecessor-version":[{"id":1361,"href":"https:\/\/aerospace.ubi.pt\/index.php?rest_route=\/wp\/v2\/pages\/1307\/revisions\/1361"}],"wp:attachment":[{"href":"https:\/\/aerospace.ubi.pt\/index.php?rest_route=%2Fwp%2Fv2%2Fmedia&parent=1307"}],"curies":[{"name":"wp","href":"https:\/\/api.w.org\/{rel}","templated":true}]}}