{"id":1114,"date":"2024-03-27T11:02:59","date_gmt":"2024-03-27T11:02:59","guid":{"rendered":"https:\/\/aerospace.ubi.pt\/?page_id=1114"},"modified":"2024-03-27T12:00:40","modified_gmt":"2024-03-27T12:00:40","slug":"universidade-da-beira-interior","status":"publish","type":"page","link":"https:\/\/aerospace.ubi.pt\/?page_id=1114","title":{"rendered":"Atl\u00e2ntica &#8211; Instituto Universit\u00e1rio"},"content":{"rendered":"<p>C-MAST has a managing Pole at <a href=\"https:\/\/www.uatlantica.pt\/\">Atl\u00e2ntica &#8211; Instituto Universit\u00e1rio<\/a><\/p>\n<p>Since 2014 <a href=\"https:\/\/airtificial.com\/en\/\">Carbures Europe<\/a> holds the majority of Atl\u00e2ntica-IU. Carbures Group (now <a href=\"https:\/\/airtificial.com\/en\/\">AIRTIFICIAL<\/a>) is a major worldwide player in the composite materials for the aeronautics and automotive sector. Through its presence in more than 20 countries and with more than 800 employees, <a href=\"https:\/\/airtificial.com\/en\/\">AIRTIFICIAL<\/a> works for the main manufacturers in each sector and sits on the forefront of pioneering projects thanks to its technological expertise and proprietary developments, also in cooperation with C-MAST through the Pole at <a href=\"https:\/\/www.uatlantica.pt\/\">Atl\u00e2ntica &#8211; Instituto Universit\u00e1rio<\/a>.<\/p>\n<p>&nbsp;<\/p>\n","protected":false},"excerpt":{"rendered":"<p>C-MAST has a managing Pole at Atl\u00e2ntica &#8211; Instituto Universit\u00e1rio Since 2014 Carbures Europe holds the majority of Atl\u00e2ntica-IU. Carbures Group (now AIRTIFICIAL) is a major worldwide player in the composite materials for the aeronautics and automotive sector. Through its presence in more than 20 countries and with more than 800 employees, AIRTIFICIAL works for [&hellip;]<\/p>\n","protected":false},"author":6,"featured_media":0,"parent":0,"menu_order":0,"comment_status":"closed","ping_status":"closed","template":"","meta":{"footnotes":""},"_links":{"self":[{"href":"https:\/\/aerospace.ubi.pt\/index.php?rest_route=\/wp\/v2\/pages\/1114"}],"collection":[{"href":"https:\/\/aerospace.ubi.pt\/index.php?rest_route=\/wp\/v2\/pages"}],"about":[{"href":"https:\/\/aerospace.ubi.pt\/index.php?rest_route=\/wp\/v2\/types\/page"}],"author":[{"embeddable":true,"href":"https:\/\/aerospace.ubi.pt\/index.php?rest_route=\/wp\/v2\/users\/6"}],"replies":[{"embeddable":true,"href":"https:\/\/aerospace.ubi.pt\/index.php?rest_route=%2Fwp%2Fv2%2Fcomments&post=1114"}],"version-history":[{"count":6,"href":"https:\/\/aerospace.ubi.pt\/index.php?rest_route=\/wp\/v2\/pages\/1114\/revisions"}],"predecessor-version":[{"id":1141,"href":"https:\/\/aerospace.ubi.pt\/index.php?rest_route=\/wp\/v2\/pages\/1114\/revisions\/1141"}],"wp:attachment":[{"href":"https:\/\/aerospace.ubi.pt\/index.php?rest_route=%2Fwp%2Fv2%2Fmedia&parent=1114"}],"curies":[{"name":"wp","href":"https:\/\/api.w.org\/{rel}","templated":true}]}}