{"id":1037,"date":"2024-03-26T23:59:16","date_gmt":"2024-03-26T23:59:16","guid":{"rendered":"https:\/\/aerospace.ubi.pt\/?page_id=1037"},"modified":"2024-03-27T09:32:58","modified_gmt":"2024-03-27T09:32:58","slug":"welcome-2","status":"publish","type":"page","link":"https:\/\/aerospace.ubi.pt\/?page_id=1037","title":{"rendered":"Executive Committee"},"content":{"rendered":"<p><a href=\"http:\/\/webx.ubi.pt\/~pjpo\/\"><label><img loading=\"lazy\" decoding=\"async\" src=\"https:\/\/aerospace.ubi.pt\/wp-content\/uploads\/2018\/05\/495.jpg\" alt=\"\" width=\"90\" height=\"120\" \/> <\/label><\/a><a href=\"http:\/\/webx.ubi.pt\/~pjpo\/\"><label><strong>R&amp;D Coordinator:<\/strong> Paulo Jorge dos Santos Pimentel de Oliveira<\/label><\/a>\u00a0<label><\/label><\/p>\n<p><strong>Research Group on <a href=\"https:\/\/aerospace.ubi.pt\/aeromas-aerospace-materials-and-structures\/\"><span style=\"color: #0000ff;\">Materials and Aerospace Structures<\/span><\/a>: Coordinator <\/strong><a href=\"https:\/\/www.ubi.pt\/Pessoa\/abilio\">Ab\u00edlio Silva<\/a><\/p>\n<p><strong>Research Group on <a href=\"https:\/\/aerospace.ubi.pt\/enermef-energy-and-mechanics-of-fluids\/\"><span style=\"color: #0000ff;\">Energy and Fluid Mechanics<\/span><\/a>: Coordinator<\/strong>\u00a0<a href=\"https:\/\/www.ubi.pt\/Pessoa\/pascoa\">Jos\u00e9 P\u00e1scoa<\/a><\/p>\n<p><strong><em>Project Research Manager:<\/em><\/strong> helder.antunes@ubi.pt &#8211; H\u00e9lder Antunes<\/p>\n<p><img loading=\"lazy\" decoding=\"async\" class=\"aligncenter\" src=\"https:\/\/aerospace.ubi.pt\/wp-content\/uploads\/2018\/10\/CMAST_avaliacao2018-v3.jpg\" alt=\"\" width=\"518\" height=\"291\" \/><\/p>\n<p><img loading=\"lazy\" decoding=\"async\" class=\"aligncenter\" src=\"https:\/\/aerospace.ubi.pt\/wp-content\/uploads\/2018\/05\/Capturar.png\" alt=\"\" width=\"531\" height=\"89\" \/><\/p>\n<p>&nbsp;<\/p>\n","protected":false},"excerpt":{"rendered":"<p>R&amp;D Coordinator: Paulo Jorge dos Santos Pimentel de Oliveira\u00a0 Research Group on Materials and Aerospace Structures: Coordinator Ab\u00edlio Silva Research Group on Energy and Fluid Mechanics: Coordinator\u00a0Jos\u00e9 P\u00e1scoa Project Research Manager: helder.antunes@ubi.pt &#8211; H\u00e9lder Antunes &nbsp;<\/p>\n","protected":false},"author":6,"featured_media":0,"parent":0,"menu_order":0,"comment_status":"closed","ping_status":"closed","template":"","meta":{"footnotes":""},"_links":{"self":[{"href":"https:\/\/aerospace.ubi.pt\/index.php?rest_route=\/wp\/v2\/pages\/1037"}],"collection":[{"href":"https:\/\/aerospace.ubi.pt\/index.php?rest_route=\/wp\/v2\/pages"}],"about":[{"href":"https:\/\/aerospace.ubi.pt\/index.php?rest_route=\/wp\/v2\/types\/page"}],"author":[{"embeddable":true,"href":"https:\/\/aerospace.ubi.pt\/index.php?rest_route=\/wp\/v2\/users\/6"}],"replies":[{"embeddable":true,"href":"https:\/\/aerospace.ubi.pt\/index.php?rest_route=%2Fwp%2Fv2%2Fcomments&post=1037"}],"version-history":[{"count":3,"href":"https:\/\/aerospace.ubi.pt\/index.php?rest_route=\/wp\/v2\/pages\/1037\/revisions"}],"predecessor-version":[{"id":1085,"href":"https:\/\/aerospace.ubi.pt\/index.php?rest_route=\/wp\/v2\/pages\/1037\/revisions\/1085"}],"wp:attachment":[{"href":"https:\/\/aerospace.ubi.pt\/index.php?rest_route=%2Fwp%2Fv2%2Fmedia&parent=1037"}],"curies":[{"name":"wp","href":"https:\/\/api.w.org\/{rel}","templated":true}]}}